

{"id":2,"date":"2017-10-11T09:40:34","date_gmt":"2017-10-11T08:40:34","guid":{"rendered":"http:\/\/dmsoliz.pt\/?page_id=2"},"modified":"2017-10-13T08:19:57","modified_gmt":"2017-10-13T07:19:57","slug":"acerca","status":"publish","type":"page","link":"http:\/\/dmsoliz.pt\/index.php\/acerca\/","title":{"rendered":"Acerca"},"content":{"rendered":"<p>A DMSOLIZ dedica-se a venda, repara\u00e7\u00e3o e manuten\u00e7\u00e3o de maquinaria industrial e respetivos acess\u00f3rios para costura.<\/p>\n<p>O nosso sucesso assenta nos princ\u00edpios do profissionalismo, seriedade, vanguarda e inova\u00e7\u00e3o.<\/p>\n<p>Somos representantes para todo o Portugal da marca SEWPOWER.<\/p>\n<p><img loading=\"lazy\" class=\"alignnone size-medium wp-image-68\" src=\"http:\/\/dmsoliz.pt\/wp-content\/uploads\/2017\/10\/SEWPOWER-300x282.png\" alt=\"\" width=\"300\" height=\"282\" srcset=\"http:\/\/dmsoliz.pt\/wp-content\/uploads\/2017\/10\/SEWPOWER-300x282.png 300w, http:\/\/dmsoliz.pt\/wp-content\/uploads\/2017\/10\/SEWPOWER-600x564.png 600w, http:\/\/dmsoliz.pt\/wp-content\/uploads\/2017\/10\/SEWPOWER.png 759w\" sizes=\"(max-width: 300px) 100vw, 300px\" \/><\/p>\n<p>SEDE : RUA DA SERRA N\u00ba7\u00a0 &#8211;\u00a0 4770-763\u00a0 \u00a0VERMOIM<\/p>\n<p>LOJA\u00a0 : AVENIDA S. F\u00c9LIX, C.C. FUL\u00c3O R\/C\u00a0 &#8211;\u00a0 4760-496\u00a0 \u00a0GONDIFELOS<\/p>\n<p>&nbsp;<\/p>\n","protected":false},"excerpt":{"rendered":"<p>A DMSOLIZ dedica-se a venda, repara\u00e7\u00e3o e manuten\u00e7\u00e3o de maquinaria industrial e respetivos acess\u00f3rios para costura. O nosso sucesso assenta nos princ\u00edpios do profissionalismo, seriedade, vanguarda e inova\u00e7\u00e3o. Somos representantes para todo o Portugal da marca SEWPOWER. SEDE : RUA DA SERRA N\u00ba7\u00a0 &#8211;\u00a0 4770-763\u00a0 \u00a0VERMOIM LOJA\u00a0 : AVENIDA S. F\u00c9LIX, C.C. FUL\u00c3O R\/C\u00a0 &#8211;\u00a0<\/p>\n","protected":false},"author":1,"featured_media":0,"parent":0,"menu_order":9,"comment_status":"closed","ping_status":"closed","template":"","meta":[],"_links":{"self":[{"href":"http:\/\/dmsoliz.pt\/index.php\/wp-json\/wp\/v2\/pages\/2"}],"collection":[{"href":"http:\/\/dmsoliz.pt\/index.php\/wp-json\/wp\/v2\/pages"}],"about":[{"href":"http:\/\/dmsoliz.pt\/index.php\/wp-json\/wp\/v2\/types\/page"}],"author":[{"embeddable":true,"href":"http:\/\/dmsoliz.pt\/index.php\/wp-json\/wp\/v2\/users\/1"}],"replies":[{"embeddable":true,"href":"http:\/\/dmsoliz.pt\/index.php\/wp-json\/wp\/v2\/comments?post=2"}],"version-history":[{"count":4,"href":"http:\/\/dmsoliz.pt\/index.php\/wp-json\/wp\/v2\/pages\/2\/revisions"}],"predecessor-version":[{"id":69,"href":"http:\/\/dmsoliz.pt\/index.php\/wp-json\/wp\/v2\/pages\/2\/revisions\/69"}],"wp:attachment":[{"href":"http:\/\/dmsoliz.pt\/index.php\/wp-json\/wp\/v2\/media?parent=2"}],"curies":[{"name":"wp","href":"https:\/\/api.w.org\/{rel}","templated":true}]}}